{"id":189,"date":"2022-04-13T08:14:37","date_gmt":"2022-04-13T06:14:37","guid":{"rendered":"https:\/\/www.sandvik.ax\/?page_id=189"},"modified":"2026-02-19T12:43:00","modified_gmt":"2026-02-19T10:43:00","slug":"hitta-hit","status":"publish","type":"page","link":"https:\/\/www.sandvik.ax\/en\/hitta-hit\/","title":{"rendered":"Find us"},"content":{"rendered":"<div data-elementor-type=\"wp-page\" data-elementor-id=\"189\" class=\"elementor elementor-189\" data-elementor-post-type=\"page\">\n\t\t\t\t\t\t\t\t\t<section class=\"elementor-section elementor-top-section elementor-element elementor-element-774a7558 elementor-section-height-min-height elementor-section-items-bottom elementor-section-boxed elementor-section-height-default\" data-id=\"774a7558\" data-element_type=\"section\" data-settings=\"{&quot;background_background&quot;:&quot;classic&quot;}\">\n\t\t\t\t\t\t\t<div class=\"elementor-background-overlay\"><\/div>\n\t\t\t\t\t\t\t<div class=\"elementor-container elementor-column-gap-default\">\n\t\t\t\t\t<div class=\"elementor-column elementor-col-100 elementor-top-column elementor-element elementor-element-4998b254\" data-id=\"4998b254\" data-element_type=\"column\">\n\t\t\t<div class=\"elementor-widget-wrap elementor-element-populated\">\n\t\t\t\t\t\t\t\t<div class=\"elementor-element elementor-element-327fbc4e elementor-widget-divider--view-line elementor-widget elementor-widget-divider\" data-id=\"327fbc4e\" data-element_type=\"widget\" data-widget_type=\"divider.default\">\n\t\t\t\t<div class=\"elementor-widget-container\">\n\t\t\t<style>\/*! elementor - v3.18.0 - 20-12-2023 *\/\n.elementor-widget-divider{--divider-border-style:none;--divider-border-width:1px;--divider-color:#0c0d0e;--divider-icon-size:20px;--divider-element-spacing:10px;--divider-pattern-height:24px;--divider-pattern-size:20px;--divider-pattern-url:none;--divider-pattern-repeat:repeat-x}.elementor-widget-divider .elementor-divider{display:flex}.elementor-widget-divider .elementor-divider__text{font-size:15px;line-height:1;max-width:95%}.elementor-widget-divider .elementor-divider__element{margin:0 var(--divider-element-spacing);flex-shrink:0}.elementor-widget-divider .elementor-icon{font-size:var(--divider-icon-size)}.elementor-widget-divider .elementor-divider-separator{display:flex;margin:0;direction:ltr}.elementor-widget-divider--view-line_icon .elementor-divider-separator,.elementor-widget-divider--view-line_text .elementor-divider-separator{align-items:center}.elementor-widget-divider--view-line_icon .elementor-divider-separator:after,.elementor-widget-divider--view-line_icon .elementor-divider-separator:before,.elementor-widget-divider--view-line_text .elementor-divider-separator:after,.elementor-widget-divider--view-line_text .elementor-divider-separator:before{display:block;content:\"\";border-bottom:0;flex-grow:1;border-top:var(--divider-border-width) var(--divider-border-style) var(--divider-color)}.elementor-widget-divider--element-align-left .elementor-divider .elementor-divider-separator>.elementor-divider__svg:first-of-type{flex-grow:0;flex-shrink:100}.elementor-widget-divider--element-align-left .elementor-divider-separator:before{content:none}.elementor-widget-divider--element-align-left .elementor-divider__element{margin-left:0}.elementor-widget-divider--element-align-right .elementor-divider .elementor-divider-separator>.elementor-divider__svg:last-of-type{flex-grow:0;flex-shrink:100}.elementor-widget-divider--element-align-right .elementor-divider-separator:after{content:none}.elementor-widget-divider--element-align-right .elementor-divider__element{margin-right:0}.elementor-widget-divider:not(.elementor-widget-divider--view-line_text):not(.elementor-widget-divider--view-line_icon) .elementor-divider-separator{border-top:var(--divider-border-width) var(--divider-border-style) var(--divider-color)}.elementor-widget-divider--separator-type-pattern{--divider-border-style:none}.elementor-widget-divider--separator-type-pattern.elementor-widget-divider--view-line .elementor-divider-separator,.elementor-widget-divider--separator-type-pattern:not(.elementor-widget-divider--view-line) .elementor-divider-separator:after,.elementor-widget-divider--separator-type-pattern:not(.elementor-widget-divider--view-line) .elementor-divider-separator:before,.elementor-widget-divider--separator-type-pattern:not([class*=elementor-widget-divider--view]) .elementor-divider-separator{width:100%;min-height:var(--divider-pattern-height);-webkit-mask-size:var(--divider-pattern-size) 100%;mask-size:var(--divider-pattern-size) 100%;-webkit-mask-repeat:var(--divider-pattern-repeat);mask-repeat:var(--divider-pattern-repeat);background-color:var(--divider-color);-webkit-mask-image:var(--divider-pattern-url);mask-image:var(--divider-pattern-url)}.elementor-widget-divider--no-spacing{--divider-pattern-size:auto}.elementor-widget-divider--bg-round{--divider-pattern-repeat:round}.rtl .elementor-widget-divider .elementor-divider__text{direction:rtl}.e-con-inner>.elementor-widget-divider,.e-con>.elementor-widget-divider{width:var(--container-widget-width,100%);--flex-grow:var(--container-widget-flex-grow)}<\/style>\t\t<div class=\"elementor-divider\">\n\t\t\t<span class=\"elementor-divider-separator\">\n\t\t\t\t\t\t<\/span>\n\t\t<\/div>\n\t\t\t\t<\/div>\n\t\t\t\t<\/div>\n\t\t\t\t\t<\/div>\n\t\t<\/div>\n\t\t\t\t\t\t\t<\/div>\n\t\t<\/section>\n\t\t\t\t<section class=\"elementor-section elementor-top-section elementor-element elementor-element-219f22de elementor-section-full_width elementor-section-height-min-height elementor-section-height-default elementor-section-items-middle\" data-id=\"219f22de\" data-element_type=\"section\" data-settings=\"{&quot;background_background&quot;:&quot;classic&quot;}\">\n\t\t\t\t\t\t<div class=\"elementor-container elementor-column-gap-default\">\n\t\t\t\t\t<div class=\"elementor-column elementor-col-50 elementor-top-column elementor-element elementor-element-70acec39\" data-id=\"70acec39\" data-element_type=\"column\">\n\t\t\t<div class=\"elementor-widget-wrap elementor-element-populated\">\n\t\t\t\t\t\t\t\t<div class=\"elementor-element elementor-element-72730b6 elementor-widget elementor-widget-heading\" data-id=\"72730b6\" data-element_type=\"widget\" data-widget_type=\"heading.default\">\n\t\t\t\t<div class=\"elementor-widget-container\">\n\t\t\t<style>\/*! elementor - v3.18.0 - 20-12-2023 *\/\n.elementor-heading-title{padding:0;margin:0;line-height:1}.elementor-widget-heading .elementor-heading-title[class*=elementor-size-]>a{color:inherit;font-size:inherit;line-height:inherit}.elementor-widget-heading .elementor-heading-title.elementor-size-small{font-size:15px}.elementor-widget-heading .elementor-heading-title.elementor-size-medium{font-size:19px}.elementor-widget-heading .elementor-heading-title.elementor-size-large{font-size:29px}.elementor-widget-heading .elementor-heading-title.elementor-size-xl{font-size:39px}.elementor-widget-heading .elementor-heading-title.elementor-size-xxl{font-size:59px}<\/style><h2 class=\"elementor-heading-title elementor-size-default\">TRAVELING TO K\u00d6KAR:<\/h2>\t\t<\/div>\n\t\t\t\t<\/div>\n\t\t\t\t<div class=\"elementor-element elementor-element-34bfb7fa elementor-widget elementor-widget-text-editor\" data-id=\"34bfb7fa\" data-element_type=\"widget\" data-widget_type=\"text-editor.default\">\n\t\t\t\t<div class=\"elementor-widget-container\">\n\t\t\t<style>\/*! elementor - v3.18.0 - 20-12-2023 *\/\n.elementor-widget-text-editor.elementor-drop-cap-view-stacked .elementor-drop-cap{background-color:#69727d;color:#fff}.elementor-widget-text-editor.elementor-drop-cap-view-framed .elementor-drop-cap{color:#69727d;border:3px solid;background-color:transparent}.elementor-widget-text-editor:not(.elementor-drop-cap-view-default) .elementor-drop-cap{margin-top:8px}.elementor-widget-text-editor:not(.elementor-drop-cap-view-default) .elementor-drop-cap-letter{width:1em;height:1em}.elementor-widget-text-editor .elementor-drop-cap{float:left;text-align:center;line-height:1;font-size:50px}.elementor-widget-text-editor .elementor-drop-cap-letter{display:inline-block}<\/style>\t\t\t\t<p class=\" translation-block\">Ferries depart for K\u00f6kar several times a day from L\u00e5ngn\u00e4s on \u00c5land and from Galtby\/Korpo in the archipelago of \u00c5boland. \nL\u00e5ngn\u00e4s is situated within a 30 minute drive from Mariehamn and Galtby is situated within a 2 hour ride from \u00c5bo. \nUse any web mapping service of your choice to find out how to get to either one of these ports. \nThe ferries are operated by \u00c5landstrafiken.<\/p><p class=\" translation-block\">Please note! If you travel by any kind of motor vehicle you must make your reservation with \u00c5landstrafiken in advance. \nFor information on how to get to the ferries by public transportation, please see the links below.<\/p><p>F\u00e4rjan till K\u00f6kar tar 2,5 timmar fr\u00e5n vardera \u00e4ndhamn.<br \/>M\/S Viggen samt M\/S Skiftet har cafeteria ombord.<br \/><br \/><\/p><p class=\" translation-block\">Once you have arrived on K\u00f6kar there is a map over K\u00f6kar at the port on which Sandvik is marked. \nThere are also road signs along the way showing the direction to Sandvik. \nThe total distance between the port and Sandvik is approximately 3 km \/ 2 miles.<\/p><p class=\" translation-block\"><strong>Post address<\/strong><br \/>\u00d6verboda<br \/>AX-22730 K\u00f6kar<\/p>\t\t\t\t\t\t<\/div>\n\t\t\t\t<\/div>\n\t\t\t\t\t<\/div>\n\t\t<\/div>\n\t\t\t\t<div class=\"elementor-column elementor-col-50 elementor-top-column elementor-element elementor-element-3b9150aa\" data-id=\"3b9150aa\" data-element_type=\"column\">\n\t\t\t<div class=\"elementor-widget-wrap elementor-element-populated\">\n\t\t\t\t\t\t\t\t<div class=\"elementor-element elementor-element-76ccd3b elementor-widget elementor-widget-google_maps\" data-id=\"76ccd3b\" data-element_type=\"widget\" data-widget_type=\"google_maps.default\">\n\t\t\t\t<div class=\"elementor-widget-container\">\n\t\t\t<style>\/*! elementor - v3.18.0 - 20-12-2023 *\/\n.elementor-widget-google_maps .elementor-widget-container{overflow:hidden}.elementor-widget-google_maps .elementor-custom-embed{line-height:0}.elementor-widget-google_maps iframe{height:300px}<\/style>\t\t<div class=\"elementor-custom-embed\">\n\t\t\t<iframe loading=\"lazy\"\n\t\t\t\t\tsrc=\"https:\/\/maps.google.com\/maps?q=%C3%96verboda%20AX-22730%20K%C3%B6kar&#038;t=m&#038;z=14&#038;output=embed&#038;iwloc=near\"\n\t\t\t\t\ttitle=\"\u00d6verboda AX-22730 K\u00f6kar\"\n\t\t\t\t\taria-label=\"\u00d6verboda AX-22730 K\u00f6kar\"\n\t\t\t><\/iframe>\n\t\t<\/div>\n\t\t\t\t<\/div>\n\t\t\t\t<\/div>\n\t\t\t\t\t<\/div>\n\t\t<\/div>\n\t\t\t\t\t\t\t<\/div>\n\t\t<\/section>\n\t\t\t\t<section class=\"elementor-section elementor-top-section elementor-element elementor-element-df72a1b elementor-section-full_width elementor-section-height-min-height elementor-reverse-tablet elementor-reverse-mobile elementor-section-height-default elementor-section-items-middle\" data-id=\"df72a1b\" data-element_type=\"section\" data-settings=\"{&quot;background_background&quot;:&quot;classic&quot;}\">\n\t\t\t\t\t\t<div class=\"elementor-container elementor-column-gap-default\">\n\t\t\t\t\t<div class=\"elementor-column elementor-col-50 elementor-top-column elementor-element elementor-element-ee0b6aa\" data-id=\"ee0b6aa\" data-element_type=\"column\">\n\t\t\t<div class=\"elementor-widget-wrap elementor-element-populated\">\n\t\t\t\t\t\t\t\t<div class=\"elementor-element elementor-element-5988164 elementor-widget elementor-widget-image\" data-id=\"5988164\" data-element_type=\"widget\" data-widget_type=\"image.default\">\n\t\t\t\t<div class=\"elementor-widget-container\">\n\t\t\t<style>\/*! elementor - v3.18.0 - 20-12-2023 *\/\n.elementor-widget-image{text-align:center}.elementor-widget-image a{display:inline-block}.elementor-widget-image a img[src$=\".svg\"]{width:48px}.elementor-widget-image img{vertical-align:middle;display:inline-block}<\/style>\t\t\t\t\t\t\t\t\t\t\t\t<img fetchpriority=\"high\" decoding=\"async\" width=\"1920\" height=\"1440\" src=\"https:\/\/www.sandvik.ax\/wp-content\/uploads\/2022\/04\/img-1036.jpg\" class=\"attachment-full size-full wp-image-195\" alt=\"\" srcset=\"https:\/\/www.sandvik.ax\/wp-content\/uploads\/2022\/04\/img-1036.jpg 1920w, https:\/\/www.sandvik.ax\/wp-content\/uploads\/2022\/04\/img-1036-300x225.jpg 300w, https:\/\/www.sandvik.ax\/wp-content\/uploads\/2022\/04\/img-1036-1024x768.jpg 1024w, https:\/\/www.sandvik.ax\/wp-content\/uploads\/2022\/04\/img-1036-768x576.jpg 768w, https:\/\/www.sandvik.ax\/wp-content\/uploads\/2022\/04\/img-1036-1536x1152.jpg 1536w, https:\/\/www.sandvik.ax\/wp-content\/uploads\/2022\/04\/img-1036-16x12.jpg 16w\" sizes=\"(max-width: 1920px) 100vw, 1920px\" \/>\t\t\t\t\t\t\t\t\t\t\t\t\t\t\t<\/div>\n\t\t\t\t<\/div>\n\t\t\t\t\t<\/div>\n\t\t<\/div>\n\t\t\t\t<div class=\"elementor-column elementor-col-50 elementor-top-column elementor-element elementor-element-308e273\" data-id=\"308e273\" data-element_type=\"column\">\n\t\t\t<div class=\"elementor-widget-wrap elementor-element-populated\">\n\t\t\t\t\t\t\t\t<div class=\"elementor-element elementor-element-c3270a5 elementor-widget elementor-widget-heading\" data-id=\"c3270a5\" data-element_type=\"widget\" data-widget_type=\"heading.default\">\n\t\t\t\t<div class=\"elementor-widget-container\">\n\t\t\t<h2 class=\"elementor-heading-title elementor-size-default\">K\u00f6kar<\/h2>\t\t<\/div>\n\t\t\t\t<\/div>\n\t\t\t\t<div class=\"elementor-element elementor-element-7bacbd1 elementor-widget elementor-widget-text-editor\" data-id=\"7bacbd1\" data-element_type=\"widget\" data-widget_type=\"text-editor.default\">\n\t\t\t\t<div class=\"elementor-widget-container\">\n\t\t\t\t\t\t\t<p class=\" translation-block\">Read more about <a href=\"http:\/\/www.kokar.ax\/\" target=\"_blank\" rel=\"noopener\">K\u00f6kar<\/a><\/p><p class=\" translation-block\">The most convenient way to travel to \u00c5land is by ferry from either Finland or Sweden.<\/p><h3>Traveling to \u00c5land:<\/h3><p class=\" translation-block\">\u2013\u00a0<a href=\"http:\/\/www.vikingline.ax\/\" target=\"_blank\" rel=\"noopener\">Viking Line<\/a><br>\u2013\u00a0<a href=\"http:\/\/www.eckerolinjen.se\/\" target=\"_blank\" rel=\"noopener\">Ecker\u00f6 Linjen<\/a><br>Se also\u00a0<a href=\"http:\/\/www.aland.com\/se\/resa_och_bo\" target=\"_blank\" rel=\"noopener\">www.aland.com<\/a>For further alternatives<\/p><h3>Traveling to K\u00f6kar from \u00c5land\/Finland:<\/h3><p>&#8211;\u00a0<a href=\"http:\/\/www.alandstrafiken.ax\/\" target=\"_blank\" rel=\"noopener\">\u00c5landstrafiken<\/a>\u00a0<\/p><p>&#8211;\u00a0<a href=\"http:\/\/www.finferries.fi\/sv\/farjetrafik\/farjplatserna-och-tidtabellerna.html\" target=\"_blank\" rel=\"noopener\">Pargas &#8211; Nagu &#8211; Korpo\u00a0<\/a>Roadferries in Turku Archipelago.<\/p><h3>Getting to the ferries using public transportation:<\/h3><p>&#8211;\u00a0<a href=\"http:\/\/www.alandstrafiken.ax\/\" target=\"_blank\" rel=\"noopener\">\u00c5landstrafiken\u00a0<\/a>public transportation to L\u00e5ngn\u00e4s<br \/>&#8211;\u00a0<a href=\"https:\/\/tlo.fi\/skargardsbuss\/\" target=\"_blank\" rel=\"noopener\">Sk\u00e4rg\u00e5rdsbussen <\/a>public transportation to Galtby\/Korpo, search for destinations Turku, Galtby satama.<\/p>\t\t\t\t\t\t<\/div>\n\t\t\t\t<\/div>\n\t\t\t\t\t<\/div>\n\t\t<\/div>\n\t\t\t\t\t\t\t<\/div>\n\t\t<\/section>\n\t\t\t\t\t\t\t<\/div>","protected":false},"excerpt":{"rendered":"<p>Att ta sig hit Till K\u00f6kar g\u00e5r det dagligen flera f\u00e4rjturer fr\u00e5n\u00a0L\u00e5ngn\u00e4s\u00a0p\u00e5 \u00c5land i V\u00e4ster samt fr\u00e5n\u00a0Galtby\/Korpo\u00a0i \u00c5bolands sk\u00e4rg\u00e5rd i \u00d6ster. L\u00e5ngn\u00e4s ligger drygt en halvtimmes bilf\u00e4rd fr\u00e5n\u00a0Mariehamn\u00a0och Galtby ligger drygt tv\u00e5 timmars f\u00e4rd fr\u00e5n\u00a0\u00c5bo. Anv\u00e4nd valfri kartfunktion p\u00e5 internet f\u00f6r att se hur du tar dig till dessa hamnar. F\u00e4rjtrafiken ombes\u00f6rjs av\u00a0\u00c5landstrafiken. \u00c5ker du [&hellip;]<\/p>","protected":false},"author":1,"featured_media":0,"parent":0,"menu_order":0,"comment_status":"closed","ping_status":"closed","template":"","meta":{"_seopress_robots_primary_cat":"","_seopress_titles_title":"","_seopress_titles_desc":"","_seopress_robots_index":"","footnotes":""},"Pagecategories":[],"class_list":["post-189","page","type-page","status-publish","hentry"],"_links":{"self":[{"href":"https:\/\/www.sandvik.ax\/en\/wp-json\/wp\/v2\/pages\/189","targetHints":{"allow":["GET"]}}],"collection":[{"href":"https:\/\/www.sandvik.ax\/en\/wp-json\/wp\/v2\/pages"}],"about":[{"href":"https:\/\/www.sandvik.ax\/en\/wp-json\/wp\/v2\/types\/page"}],"author":[{"embeddable":true,"href":"https:\/\/www.sandvik.ax\/en\/wp-json\/wp\/v2\/users\/1"}],"replies":[{"embeddable":true,"href":"https:\/\/www.sandvik.ax\/en\/wp-json\/wp\/v2\/comments?post=189"}],"version-history":[{"count":21,"href":"https:\/\/www.sandvik.ax\/en\/wp-json\/wp\/v2\/pages\/189\/revisions"}],"predecessor-version":[{"id":815,"href":"https:\/\/www.sandvik.ax\/en\/wp-json\/wp\/v2\/pages\/189\/revisions\/815"}],"wp:attachment":[{"href":"https:\/\/www.sandvik.ax\/en\/wp-json\/wp\/v2\/media?parent=189"}],"wp:term":[{"taxonomy":"Pagecategories","embeddable":true,"href":"https:\/\/www.sandvik.ax\/en\/wp-json\/wp\/v2\/Pagecategories?post=189"}],"curies":[{"name":"wp","href":"https:\/\/api.w.org\/{rel}","templated":true}]}}